{"id":231729,"date":"2024-03-24T23:25:44","date_gmt":"2024-03-24T21:25:44","guid":{"rendered":"http:\/\/workplace.skyworker.de\/?page_id=231729"},"modified":"2024-03-28T11:56:08","modified_gmt":"2024-03-28T09:56:08","slug":"blog","status":"publish","type":"page","link":"http:\/\/workplace.skyworker.de\/?page_id=231729","title":{"rendered":"Blog"},"content":{"rendered":"\n<p>Dieser Blog soll f\u00fcr all diejenigen sein, die sich mit dem Thema Windows Workplace besch\u00e4ftigen. Management und Design, Softwareverteilung, Virtualisierung und Automatisierung. Antrieb f\u00fcr mich als Consultant ist immer wieder das Design von Windows Arbeitspl\u00e4tzen, die Integration neuer Ideen und Innovationen, sowie die automatisierte Bereitstellung von Umgebungen in jeglicher Art und Form.<\/p>\n\n\n<ul class=\"wp-block-latest-posts__list wp-block-latest-posts\"><li><div class=\"wp-block-latest-posts__featured-image alignleft\"><img loading=\"lazy\" decoding=\"async\" width=\"150\" height=\"150\" src=\"http:\/\/workplace.skyworker.de\/wp-content\/uploads\/2024\/05\/psh-150x150.png\" class=\"attachment-thumbnail size-thumbnail wp-post-image\" alt=\"\" style=\"max-width:75px;max-height:75px;\" \/><\/div><a class=\"wp-block-latest-posts__post-title\" href=\"http:\/\/workplace.skyworker.de\/?p=231808\">Get-ADGroupMember \/ Error ActiveDirectoryServer:8224<\/a><div class=\"wp-block-latest-posts__post-excerpt\">0 0 Den Grund f\u00fcr diese Fehlermeldung bei Verwendung von Get-ADGroupMember habe ich zwar nicht herausgefunden, aber hierbei handelt es sich um eine Universal Gruppe, die Active Directory Forest \u00fcbergreifend Mitglieder aus unterschiedlichen Dom\u00e4nen beinhaltet, was vielleicht die Ursache sein sein k\u00f6nnte. Um trotzdem die &hellip; <a href=\"http:\/\/workplace.skyworker.de\/?p=231808\" class=\"more-link\"><span class=\"screen-reader-text\">\u201eGet-ADGroupMember \/ Error ActiveDirectoryServer:8224\u201c<\/span> weiterlesen<\/a><\/div><\/li>\n<li><div class=\"wp-block-latest-posts__featured-image alignleft\"><img loading=\"lazy\" decoding=\"async\" width=\"128\" height=\"119\" src=\"http:\/\/workplace.skyworker.de\/wp-content\/uploads\/2024\/03\/teams-icon-2048x1899-td3duk6d.png\" class=\"attachment-thumbnail size-thumbnail wp-post-image\" alt=\"\" style=\"max-width:75px;max-height:75px;\" \/><\/div><a class=\"wp-block-latest-posts__post-title\" href=\"http:\/\/workplace.skyworker.de\/?p=231775\">Installation des neuen Microsoft Teams 2.0 Clients<\/a><div class=\"wp-block-latest-posts__post-excerpt\">0 0 Der neue Microsoft Teams 2.0 Client ist eine Web App, die auf Edge WebView2 basiert. Laut Microsoft verspricht diese technologische Umstellung eine verbesserte Leistung und einen geringeren Ressourcenverbrauch. Der Teams Installer ist ein MSIX Paket, das \u00fcber den Teams Boot Strapper von Micrsoft &hellip; <a href=\"http:\/\/workplace.skyworker.de\/?p=231775\" class=\"more-link\"><span class=\"screen-reader-text\">\u201eInstallation des neuen Microsoft Teams 2.0 Clients\u201c<\/span> weiterlesen<\/a><\/div><\/li>\n<li><div class=\"wp-block-latest-posts__featured-image alignleft\"><img loading=\"lazy\" decoding=\"async\" width=\"128\" height=\"128\" src=\"http:\/\/workplace.skyworker.de\/wp-content\/uploads\/2024\/01\/outlook.png\" class=\"attachment-thumbnail size-thumbnail wp-post-image\" alt=\"\" style=\"max-width:75px;max-height:75px;\" \/><\/div><a class=\"wp-block-latest-posts__post-title\" href=\"http:\/\/workplace.skyworker.de\/?p=231766\">Outlook roaming signature deaktivieren<\/a><div class=\"wp-block-latest-posts__post-excerpt\">0 0 Wenn sie ein Client basiertes Drittanbieter Tool zum generieren der Signaturen verwenden, funktionieren diese nicht mehr ab der Microsoft Office 2308 Version, da hier das &#8222;Outlook roaming signature&#8220; Feature automatisch aktiviert ist. Um das &#8222;Outlook roaming signature&#8220; Feature manuell zu deaktivieren, gehen sie &hellip; <a href=\"http:\/\/workplace.skyworker.de\/?p=231766\" class=\"more-link\"><span class=\"screen-reader-text\">\u201eOutlook roaming signature deaktivieren\u201c<\/span> weiterlesen<\/a><\/div><\/li>\n<li><div class=\"wp-block-latest-posts__featured-image alignleft\"><img loading=\"lazy\" decoding=\"async\" width=\"128\" height=\"128\" src=\"http:\/\/workplace.skyworker.de\/wp-content\/uploads\/2024\/03\/intune.png\" class=\"attachment-thumbnail size-thumbnail wp-post-image\" alt=\"\" style=\"max-width:75px;max-height:75px;\" \/><\/div><a class=\"wp-block-latest-posts__post-title\" href=\"http:\/\/workplace.skyworker.de\/?p=231791\">\u00dcber Intune Google als Standard Suchmaschine in Microsoft Edge Chromium setzen<\/a><div class=\"wp-block-latest-posts__post-excerpt\">0 0 Ein Configuration Profile erstellen Die folgenden settings unter Microsoft Edge\\Default search provider ausw\u00e4hlen Settings wie folgt konfigurieren Das Configuration Profile einer Azure Gruppe zuweisen und speichern<\/div><\/li>\n<li><div class=\"wp-block-latest-posts__featured-image alignleft\"><img loading=\"lazy\" decoding=\"async\" width=\"128\" height=\"119\" src=\"http:\/\/workplace.skyworker.de\/wp-content\/uploads\/2024\/03\/teams-icon-2048x1899-td3duk6d.png\" class=\"attachment-thumbnail size-thumbnail wp-post-image\" alt=\"\" style=\"max-width:75px;max-height:75px;\" \/><\/div><a class=\"wp-block-latest-posts__post-title\" href=\"http:\/\/workplace.skyworker.de\/?p=231779\">Microsoft Teams Installer &#8222;Cannot install for all users when a VDI environment is not detected&#8220;<\/a><div class=\"wp-block-latest-posts__post-excerpt\">0 0 In Virtual Desktop Umgebungen sollte Teams pro Maschine und nicht pro Benutzer installiert sein. Dabei wird die Teamsinstallation unter &#8222;C:\\Programme (x86)\\Microsoft\\Teams&#8220; abgelegt und nicht im AppData-Profilordner des Benutzers. Um Teams pro Maschine installieren zu k\u00f6nnen, muss der MSI Parameter ALLUSER=1 verwendet werden. msiexec &hellip; <a href=\"http:\/\/workplace.skyworker.de\/?p=231779\" class=\"more-link\"><span class=\"screen-reader-text\">\u201eMicrosoft Teams Installer &#8222;Cannot install for all users when a VDI environment is not detected&#8220;\u201c<\/span> weiterlesen<\/a><\/div><\/li>\n<li><div class=\"wp-block-latest-posts__featured-image alignleft\"><img loading=\"lazy\" decoding=\"async\" width=\"48\" height=\"48\" src=\"http:\/\/workplace.skyworker.de\/wp-content\/uploads\/2014\/07\/mx42.png\" class=\"attachment-thumbnail size-thumbnail wp-post-image\" alt=\"\" style=\"max-width:75px;max-height:75px;\" \/><\/div><a class=\"wp-block-latest-posts__post-title\" href=\"http:\/\/workplace.skyworker.de\/?p=46916\">Empirum OS Import: WADK &#8211; Fehler beim Erstellen des Paketes!<\/a><div class=\"wp-block-latest-posts__post-excerpt\">0 0 Nach dem Update auf Empirum 18.0.2 HF 01.11 ist es mir nicht mehr m\u00f6glich das Windows Assessment and Deployment Kit (WADK) zu importieren. Server ist Windows 2008 R2. Es erscheint immer die folgende Meldung<\/div><\/li>\n<li><div class=\"wp-block-latest-posts__featured-image alignleft\"><img loading=\"lazy\" decoding=\"async\" width=\"48\" height=\"48\" src=\"http:\/\/workplace.skyworker.de\/wp-content\/uploads\/2014\/07\/mx42.png\" class=\"attachment-thumbnail size-thumbnail wp-post-image\" alt=\"\" style=\"max-width:75px;max-height:75px;\" \/><\/div><a class=\"wp-block-latest-posts__post-title\" href=\"http:\/\/workplace.skyworker.de\/?p=45388\">Matrix42 &#8211; Extrahieren von Betriebssystem Editionen aus einem ISO<\/a><div class=\"wp-block-latest-posts__post-excerpt\">1 0 mit der Version 18 Update 2 von Empirum werden die Editionen der importierten Windows 10 Versionen in der rechten Baumstruktur der EMC Administration\u00a0angezeigt. Diese Editionen k\u00f6nnen Systemen zugewiesen werden, die \u00fcber das Paket Windowsinstallation 4.x installiert werden.<\/div><\/li>\n<li><div class=\"wp-block-latest-posts__featured-image alignleft\"><img loading=\"lazy\" decoding=\"async\" width=\"48\" height=\"48\" src=\"http:\/\/workplace.skyworker.de\/wp-content\/uploads\/2014\/07\/mx42.png\" class=\"attachment-thumbnail size-thumbnail wp-post-image\" alt=\"\" style=\"max-width:75px;max-height:75px;\" \/><\/div><a class=\"wp-block-latest-posts__post-title\" href=\"http:\/\/workplace.skyworker.de\/?p=45398\">Matrix42: OS Installation &#038; AutoLogin &#038; Windows 10 1709<\/a><div class=\"wp-block-latest-posts__post-excerpt\">0 0 Nach der Betriebssysteminstallation wird \u00fcber Empirum interne Mechanismen ein AutoLOgin durchgef\u00fchrt und die EmpirumAgent.bat ausgef\u00fchrt. Nach Ausf\u00fchrung der EmpirumAgent.bat findet generell ein Reboot statt und das System bleibt im Anmeldefenster stehen und aktualisiert im Hintergrund das System.<\/div><\/li>\n<li><div class=\"wp-block-latest-posts__featured-image alignleft\"><img loading=\"lazy\" decoding=\"async\" width=\"48\" height=\"48\" src=\"http:\/\/workplace.skyworker.de\/wp-content\/uploads\/2014\/07\/citrix.png\" class=\"attachment-thumbnail size-thumbnail wp-post-image\" alt=\"\" style=\"max-width:75px;max-height:75px;\" \/><\/div><a class=\"wp-block-latest-posts__post-title\" href=\"http:\/\/workplace.skyworker.de\/?p=1988\">Citrix VDA 7.15 &#8211; icaws_x64.msi Error 1603<\/a><div class=\"wp-block-latest-posts__post-excerpt\">0 0 Bei den ersten Installationstests des neuen Citrix Virtual Desktop Agent 7.15 (Standalone Installer) schlugen diese immer ganz zu Anfang fehl. Die Installation der Komponente \u201eicaws_x64.msi\u201c beendete sich immer mit dem Fehler 1603. Leider gab das Log der MSI Datei auch keine weiteren Aufschl\u00fcsse.<\/div><\/li>\n<li><div class=\"wp-block-latest-posts__featured-image alignleft\"><img loading=\"lazy\" decoding=\"async\" width=\"48\" height=\"48\" src=\"http:\/\/workplace.skyworker.de\/wp-content\/uploads\/2014\/07\/mx42.png\" class=\"attachment-thumbnail size-thumbnail wp-post-image\" alt=\"\" style=\"max-width:75px;max-height:75px;\" \/><\/div><a class=\"wp-block-latest-posts__post-title\" href=\"http:\/\/workplace.skyworker.de\/?p=1984\">[Eis32] Error No: 12 (EisError 505) Missing file: \/var\/empirum\/unattend.xml<\/a><div class=\"wp-block-latest-posts__post-excerpt\">0 0 Bei diesem Fehler pr\u00fcfen, ob die Betriebssystemkonfiguration (OS Template) noch stimmt.<\/div><\/li>\n<\/ul>\n\n\n<p><\/p>\n\n\n<div class=\"wp-block-archives-dropdown wp-block-archives\"><label for=\"wp-block-archives-1\" class=\"wp-block-archives__label\">Archiv<\/label>\n\t\t<select id=\"wp-block-archives-1\" name=\"archive-dropdown\" onchange=\"document.location.href=this.options[this.selectedIndex].value;\">\n\t\t<option value=\"\">Monat ausw\u00e4hlen<\/option>\t<option value='http:\/\/workplace.skyworker.de\/?m=202405'> Mai 2024 &nbsp;(1)<\/option>\n\t<option value='http:\/\/workplace.skyworker.de\/?m=202402'> Februar 2024 &nbsp;(1)<\/option>\n\t<option value='http:\/\/workplace.skyworker.de\/?m=202401'> Januar 2024 &nbsp;(1)<\/option>\n\t<option value='http:\/\/workplace.skyworker.de\/?m=202302'> Februar 2023 &nbsp;(1)<\/option>\n\t<option value='http:\/\/workplace.skyworker.de\/?m=202206'> Juni 2022 &nbsp;(1)<\/option>\n\t<option value='http:\/\/workplace.skyworker.de\/?m=201812'> Dezember 2018 &nbsp;(1)<\/option>\n\t<option value='http:\/\/workplace.skyworker.de\/?m=201811'> November 2018 &nbsp;(1)<\/option>\n\t<option value='http:\/\/workplace.skyworker.de\/?m=201804'> April 2018 &nbsp;(1)<\/option>\n\t<option value='http:\/\/workplace.skyworker.de\/?m=201709'> September 2017 &nbsp;(1)<\/option>\n\t<option value='http:\/\/workplace.skyworker.de\/?m=201706'> Juni 2017 &nbsp;(2)<\/option>\n\t<option value='http:\/\/workplace.skyworker.de\/?m=201704'> April 2017 &nbsp;(1)<\/option>\n\t<option value='http:\/\/workplace.skyworker.de\/?m=201702'> Februar 2017 &nbsp;(2)<\/option>\n\t<option value='http:\/\/workplace.skyworker.de\/?m=201701'> Januar 2017 &nbsp;(1)<\/option>\n\t<option value='http:\/\/workplace.skyworker.de\/?m=201611'> November 2016 &nbsp;(5)<\/option>\n\t<option value='http:\/\/workplace.skyworker.de\/?m=201610'> Oktober 2016 &nbsp;(3)<\/option>\n\t<option value='http:\/\/workplace.skyworker.de\/?m=201608'> August 2016 &nbsp;(3)<\/option>\n\t<option value='http:\/\/workplace.skyworker.de\/?m=201607'> Juli 2016 &nbsp;(4)<\/option>\n\t<option value='http:\/\/workplace.skyworker.de\/?m=201606'> Juni 2016 &nbsp;(3)<\/option>\n\t<option value='http:\/\/workplace.skyworker.de\/?m=201605'> Mai 2016 &nbsp;(1)<\/option>\n\t<option value='http:\/\/workplace.skyworker.de\/?m=201604'> April 2016 &nbsp;(2)<\/option>\n\t<option value='http:\/\/workplace.skyworker.de\/?m=201603'> M\u00e4rz 2016 &nbsp;(1)<\/option>\n\t<option value='http:\/\/workplace.skyworker.de\/?m=201602'> Februar 2016 &nbsp;(1)<\/option>\n\t<option value='http:\/\/workplace.skyworker.de\/?m=201510'> Oktober 2015 &nbsp;(1)<\/option>\n\t<option value='http:\/\/workplace.skyworker.de\/?m=201509'> September 2015 &nbsp;(3)<\/option>\n\t<option value='http:\/\/workplace.skyworker.de\/?m=201507'> Juli 2015 &nbsp;(2)<\/option>\n\t<option value='http:\/\/workplace.skyworker.de\/?m=201501'> Januar 2015 &nbsp;(4)<\/option>\n\t<option value='http:\/\/workplace.skyworker.de\/?m=201412'> Dezember 2014 &nbsp;(1)<\/option>\n\t<option value='http:\/\/workplace.skyworker.de\/?m=201411'> November 2014 &nbsp;(1)<\/option>\n\t<option value='http:\/\/workplace.skyworker.de\/?m=201410'> Oktober 2014 &nbsp;(3)<\/option>\n\t<option value='http:\/\/workplace.skyworker.de\/?m=201409'> September 2014 &nbsp;(1)<\/option>\n\t<option value='http:\/\/workplace.skyworker.de\/?m=201408'> August 2014 &nbsp;(1)<\/option>\n\t<option value='http:\/\/workplace.skyworker.de\/?m=201407'> Juli 2014 &nbsp;(3)<\/option>\n\t<option value='http:\/\/workplace.skyworker.de\/?m=201405'> Mai 2014 &nbsp;(2)<\/option>\n\t<option value='http:\/\/workplace.skyworker.de\/?m=201404'> April 2014 &nbsp;(1)<\/option>\n\t<option value='http:\/\/workplace.skyworker.de\/?m=201403'> M\u00e4rz 2014 &nbsp;(1)<\/option>\n\t<option value='http:\/\/workplace.skyworker.de\/?m=201402'> Februar 2014 &nbsp;(8)<\/option>\n\t<option value='http:\/\/workplace.skyworker.de\/?m=201401'> Januar 2014 &nbsp;(9)<\/option>\n\t<option value='http:\/\/workplace.skyworker.de\/?m=201312'> Dezember 2013 &nbsp;(2)<\/option>\n\t<option value='http:\/\/workplace.skyworker.de\/?m=201310'> Oktober 2013 &nbsp;(3)<\/option>\n\t<option value='http:\/\/workplace.skyworker.de\/?m=201304'> April 2013 &nbsp;(2)<\/option>\n\t<option value='http:\/\/workplace.skyworker.de\/?m=201211'> November 2012 &nbsp;(2)<\/option>\n\t<option value='http:\/\/workplace.skyworker.de\/?m=201210'> Oktober 2012 &nbsp;(2)<\/option>\n\t<option value='http:\/\/workplace.skyworker.de\/?m=201208'> August 2012 &nbsp;(4)<\/option>\n\t<option value='http:\/\/workplace.skyworker.de\/?m=201207'> Juli 2012 &nbsp;(5)<\/option>\n\t<option value='http:\/\/workplace.skyworker.de\/?m=201206'> Juni 2012 &nbsp;(5)<\/option>\n<\/select><\/div>","protected":false},"excerpt":{"rendered":"<p>Dieser Blog soll f\u00fcr all diejenigen sein, die sich mit dem Thema Windows Workplace besch\u00e4ftigen. Management und Design, Softwareverteilung, Virtualisierung und Automatisierung. Antrieb f\u00fcr mich als Consultant ist immer wieder das Design von Windows Arbeitspl\u00e4tzen, die Integration neuer Ideen und Innovationen, sowie die automatisierte Bereitstellung von Umgebungen in jeglicher Art und Form.<\/p>\n","protected":false},"author":1,"featured_media":0,"parent":0,"menu_order":0,"comment_status":"closed","ping_status":"closed","template":"","meta":{"footnotes":""},"_links":{"self":[{"href":"http:\/\/workplace.skyworker.de\/index.php?rest_route=\/wp\/v2\/pages\/231729"}],"collection":[{"href":"http:\/\/workplace.skyworker.de\/index.php?rest_route=\/wp\/v2\/pages"}],"about":[{"href":"http:\/\/workplace.skyworker.de\/index.php?rest_route=\/wp\/v2\/types\/page"}],"author":[{"embeddable":true,"href":"http:\/\/workplace.skyworker.de\/index.php?rest_route=\/wp\/v2\/users\/1"}],"replies":[{"embeddable":true,"href":"http:\/\/workplace.skyworker.de\/index.php?rest_route=%2Fwp%2Fv2%2Fcomments&post=231729"}],"version-history":[{"count":5,"href":"http:\/\/workplace.skyworker.de\/index.php?rest_route=\/wp\/v2\/pages\/231729\/revisions"}],"predecessor-version":[{"id":231788,"href":"http:\/\/workplace.skyworker.de\/index.php?rest_route=\/wp\/v2\/pages\/231729\/revisions\/231788"}],"wp:attachment":[{"href":"http:\/\/workplace.skyworker.de\/index.php?rest_route=%2Fwp%2Fv2%2Fmedia&parent=231729"}],"curies":[{"name":"wp","href":"https:\/\/api.w.org\/{rel}","templated":true}]}}