{"id":59,"date":"2013-11-22T02:57:36","date_gmt":"2013-11-22T00:57:36","guid":{"rendered":"http:\/\/workplace.skyworker.de\/?page_id=59"},"modified":"2024-05-06T20:53:24","modified_gmt":"2024-05-06T18:53:24","slug":"about-me","status":"publish","type":"page","link":"http:\/\/workplace.skyworker.de\/?page_id=59","title":{"rendered":"About"},"content":{"rendered":"\n<div class=\"wp-block-columns is-layout-flex wp-container-core-columns-layout-1 wp-block-columns-is-layout-flex\">\n<div class=\"wp-block-column is-layout-flow wp-block-column-is-layout-flow\">\n<figure class=\"wp-block-image size-full is-resized\"><a href=\"http:\/\/workplace.skyworker.de\/wp-content\/uploads\/2024\/05\/avatar_1.jpg\"><img loading=\"lazy\" decoding=\"async\" width=\"492\" height=\"492\" src=\"http:\/\/workplace.skyworker.de\/wp-content\/uploads\/2024\/05\/avatar_1.jpg\" alt=\"\" class=\"wp-image-231802\" style=\"width:227px;height:auto\" srcset=\"http:\/\/workplace.skyworker.de\/wp-content\/uploads\/2024\/05\/avatar_1.jpg 492w, http:\/\/workplace.skyworker.de\/wp-content\/uploads\/2024\/05\/avatar_1-300x300.jpg 300w, http:\/\/workplace.skyworker.de\/wp-content\/uploads\/2024\/05\/avatar_1-150x150.jpg 150w\" sizes=\"(max-width: 492px) 85vw, 492px\" \/><\/a><\/figure>\n<\/div>\n\n\n\n<div class=\"wp-block-column is-layout-flow wp-block-column-is-layout-flow\">\n<h5 class=\"wp-block-heading\">Pers\u00f6nliche Daten<\/h5>\n\n\n\n<p>Hartmann, Marco<br>IT-Erfahrung seit: 1999<br>Selbst\u00e4ndig seit: 2004<\/p>\n\n\n\n<h5 class=\"wp-block-heading\">Einsatzort<\/h5>\n\n\n\n<p>Deutschland, \u00d6sterreich, Schweiz<\/p>\n\n\n\n<h5 class=\"wp-block-heading\">Verf\u00fcgbarkeit<\/h5>\n\n\n\n<p>Verf\u00fcgbarkeit nach Absprache<\/p>\n<\/div>\n<\/div>\n\n\n\n<h3 class=\"wp-block-heading\"><strong>Schwerpunkte \/ Spezialisierungen<\/strong><\/h3>\n\n\n\n<ul>\n<li>Konzeptionierung und Entwicklung von Windows Arbeitsplatz-Umgebungen<\/li>\n\n\n\n<li>Client- und Softwaremanagement mittels Matrix42 Empirum \/ Microsoft Endpoint Manager (Intune)<\/li>\n\n\n\n<li>Softwarepaketierung f\u00fcr Matrix42 und Microsoft Intune (PSADT)<\/li>\n\n\n\n<li>Azure Cloud basierte Windows Client Virtualisierung (Azure Virtual Desktop \/ Windows 365 Cloud PC \/ Citrix)<\/li>\n\n\n\n<li>Powershell Scripting zur Automatisierung \/ Vereinfachung von Abl\u00e4ufen und Prozessen<\/li>\n<\/ul>\n\n\n\n<h3 class=\"wp-block-heading\"><strong>Qualifikationen \/ Zertifizierungen<\/strong> \/ Schulungen<\/h3>\n\n\n\n<ul>\n<li>Windows 365 Cloud PC Schulung<\/li>\n\n\n\n<li>Zertifizierung Azure Fundamentals<\/li>\n\n\n\n<li>AppSense Professional Schulung<\/li>\n\n\n\n<li>Matrix42 CCC (Certified Client Management Consultant)<\/li>\n\n\n\n<li>Zertifizierung CCA XenApp 6<\/li>\n\n\n\n<li>Empirum v12 Certified Engineer<\/li>\n\n\n\n<li>Zertifizierung CCA XenApp 5<\/li>\n\n\n\n<li>Zertifizierung CCA MetaFrame Presentation Server 4<\/li>\n\n\n\n<li>Foundation Certificate in IT Service Management (EXIN)<\/li>\n\n\n\n<li>Zertifizierung CCA MetaFrame Presentation Server 3.0<\/li>\n\n\n\n<li>Empirum Certified Engineer (Matrix42)<\/li>\n\n\n\n<li>Zertifizierung CCA MetaFrame XP 1.0<\/li>\n\n\n\n<li>Zertifizierung MCSE Windows 2000<\/li>\n\n\n\n<li>Zertifizierung MCSE Windows NT 4.0<\/li>\n<\/ul>\n\n\n\n<h3 class=\"wp-block-heading\"><strong>Soft Skills \/ Kompetenzen<\/strong><\/h3>\n\n\n\n<ul>\n<li>Innovativ<\/li>\n\n\n\n<li>Engagiert<\/li>\n\n\n\n<li>Strukturriet<\/li>\n\n\n\n<li>Zuverl\u00e4ssig<\/li>\n\n\n\n<li>Teamf\u00e4hig<\/li>\n\n\n\n<li>Stressresistent &amp; Belastbar<\/li>\n\n\n\n<li>Probleml\u00f6sungsorientiert<\/li>\n<\/ul>\n\n\n\n<h3 class=\"wp-block-heading\"><strong>Produkte und L\u00f6sungen<\/strong><\/h3>\n\n\n\n<ul>\n<li>Microsoft Endpoint Manager Intune (sehr gut)<\/li>\n\n\n\n<li>Matrix42 Empirum Pro (sehr gut)<\/li>\n\n\n\n<li>Microsoft Windows 7 bis 11 (sehr gut)<\/li>\n\n\n\n<li>Microsoft Windows Server 2008 bis 2022 (sehr gut)<\/li>\n\n\n\n<li>Microsoft Active Directory (gut)<\/li>\n\n\n\n<li>Azure Cloud (gut)<\/li>\n\n\n\n<li>Azure Virtual Desktop (gut)<\/li>\n\n\n\n<li>Windows 365 Cloud PC (sehr gut)<\/li>\n\n\n\n<li>Citrix XenApp \/ XenDesktop (gut)<\/li>\n\n\n\n<li>Citrix Provisioning Server (gut)<\/li>\n\n\n\n<li>Microsoft App-V (sehr gut)<\/li>\n\n\n\n<li>VMWare ThinApp (gut)<\/li>\n<\/ul>\n\n\n\n<h3 class=\"wp-block-heading\"><strong>Programmierung \/ Scripting<\/strong><\/h3>\n\n\n\n<ul>\n<li>Powershell \u2013 Scripting (sehr gut)<\/li>\n\n\n\n<li>Powershell App Deployment Toolkit (PSADT)  \u2013 Scripting (sehr gut)<\/li>\n\n\n\n<li>Batch \u2013 Skript Programmierung (sehr gut)<\/li>\n\n\n\n<li>AutoIt Scripting (sehr gut)<\/li>\n<\/ul>\n","protected":false},"excerpt":{"rendered":"<p>Pers\u00f6nliche Daten Hartmann, MarcoIT-Erfahrung seit: 1999Selbst\u00e4ndig seit: 2004 Einsatzort Deutschland, \u00d6sterreich, Schweiz Verf\u00fcgbarkeit Verf\u00fcgbarkeit nach Absprache Schwerpunkte \/ Spezialisierungen Qualifikationen \/ Zertifizierungen \/ Schulungen Soft Skills \/ Kompetenzen Produkte und L\u00f6sungen Programmierung \/ Scripting<\/p>\n","protected":false},"author":1,"featured_media":0,"parent":0,"menu_order":0,"comment_status":"closed","ping_status":"open","template":"","meta":{"footnotes":""},"_links":{"self":[{"href":"http:\/\/workplace.skyworker.de\/index.php?rest_route=\/wp\/v2\/pages\/59"}],"collection":[{"href":"http:\/\/workplace.skyworker.de\/index.php?rest_route=\/wp\/v2\/pages"}],"about":[{"href":"http:\/\/workplace.skyworker.de\/index.php?rest_route=\/wp\/v2\/types\/page"}],"author":[{"embeddable":true,"href":"http:\/\/workplace.skyworker.de\/index.php?rest_route=\/wp\/v2\/users\/1"}],"replies":[{"embeddable":true,"href":"http:\/\/workplace.skyworker.de\/index.php?rest_route=%2Fwp%2Fv2%2Fcomments&post=59"}],"version-history":[{"count":18,"href":"http:\/\/workplace.skyworker.de\/index.php?rest_route=\/wp\/v2\/pages\/59\/revisions"}],"predecessor-version":[{"id":231806,"href":"http:\/\/workplace.skyworker.de\/index.php?rest_route=\/wp\/v2\/pages\/59\/revisions\/231806"}],"wp:attachment":[{"href":"http:\/\/workplace.skyworker.de\/index.php?rest_route=%2Fwp%2Fv2%2Fmedia&parent=59"}],"curies":[{"name":"wp","href":"https:\/\/api.w.org\/{rel}","templated":true}]}}